{"id":1339,"date":"2017-10-16T13:54:07","date_gmt":"2017-10-16T13:54:07","guid":{"rendered":"http:\/\/ninzio.com\/bauer\/?page_id=1339"},"modified":"2023-12-25T10:52:39","modified_gmt":"2023-12-25T07:52:39","slug":"contact-us","status":"publish","type":"page","link":"https:\/\/ozkatransport.com\/index.php\/contact-us\/","title":{"rendered":"\u0130leti\u015fim"},"content":{"rendered":"<p>[vc_row css=&#8221;.vc_custom_1558796213746{background-color: #f7f9fa !important;background-position: center !important;background-repeat: no-repeat !important;background-size: cover !important;}&#8221;][vc_column]\r\n\t<div class=\"bauer-spacer clearfix\" data-desktop=\"100\" data-mobi=\"60\" data-smobi=\"60\"><\/div>[vc_row_inner column_inner_spacing=&#8221;65&#8243;][vc_column_inner width=&#8221;1\/2&#8243;][vc_column_text]<iframe width=\"600\" height=\"450\" style=\"border: 0;\" src=\"https:\/\/www.google.com\/maps\/embed?pb=!1m18!1m12!1m3!1d1555.1338050490374!2d35.41695387592662!3d38.780502030748465!2m3!1f0!2f0!3f0!3m2!1i1024!2i768!4f13.1!3m3!1m2!1s0x152b120478cf5e0d%3A0x4c1c97ed88fd854e!2s%C3%96ZKA%20ULUSLARARASI%20TRANSPORT!5e0!3m2!1str!2str!4v1690367495757!5m2!1str!2str\" allowfullscreen=\"allowfullscreen\" loading=\"lazy\" referrerpolicy=\"no-referrer-when-downgrade\"><\/iframe>[\/vc_column_text]\r\n\t<div class=\"bauer-spacer clearfix\" data-desktop=\"0\" data-mobi=\"40\" data-smobi=\"40\"><\/div>[\/vc_column_inner][vc_column_inner width=&#8221;1\/2&#8243;]\r\n\t<div class=\"bauer-spacer clearfix\" data-desktop=\"45\" data-mobi=\"0\" data-smobi=\"0\"><\/div><div class=\"bauer-single-heading clearfix \" style=\"margin-bottom:25px;\"><span class=\"inner\"><span class=\"heading clearfix \" style=\"font-weight:600;color:#777777;font-size:16px;\">\r\n\t\t\u0130leti\u015fim\r\n\t<\/span><\/span><\/div><h2 class=\"bauer-text clearfix \" style=\"font-size:42px;line-height:50px;margin-bottom:32px;\"><p><span class=\"font-weight-300\">Hizmetlerimiz Hakk\u0131nda Bilgi Almak \u0130\u00e7in <\/span> Bize Ula\u015f\u0131n<\/p>\n<\/h2><div class=\"bauer-text clearfix \" style=\"font-size:18px;line-height:30px;color:#414042;margin-bottom:40px;\"><p>Lojistik hizmetlerimiz hakk\u0131nda detayl\u0131 bilgi almak i\u00e7in bize ula\u015fabilirsiniz. T\u00fcm ta\u015f\u0131ma \u00e7\u00f6z\u00fcmlerimizle yan\u0131n\u0131zday\u0131z&#8230;<\/p>\n<p><strong>\u0130leti\u015fim<\/strong><\/p>\n<p>Camikebir Mahallesi 5090. Sokak H-222. Blok No: 27-A\u00a0 Kocasinan \/ Kayseri<br \/>\n<strong>Tel:<\/strong> +90 352 222 56 77 \/ <strong>FAKS :<\/strong> +90 352 222 56 87<br \/>\n<strong>GSM:<\/strong><span> +90 532 672 49 83 \/ +90 532 336 26 03<br \/>\n<strong>E-mail:<\/strong> info@ozkatransport.com\u00a0 &#8211; ozka_transport@hotmail.com<br \/>\n<\/span><\/p>\n<\/div>\r\n\t<div class=\"bauer-spacer clearfix\" data-desktop=\"50\" data-mobi=\"10\" data-smobi=\"10\"><\/div>[\/vc_column_inner][\/vc_row_inner]\r\n\t<div class=\"bauer-spacer clearfix\" data-desktop=\"100\" data-mobi=\"50\" data-smobi=\"50\"><\/div>[\/vc_column][\/vc_row]<\/p>\n","protected":false},"excerpt":{"rendered":"<p>[vc_row css=&#8221;.vc_custom_1558796213746{background-color: #f7f9fa !important;background-position: center !important;background-repeat: no-repeat !important;background-size: cover !important;}&#8221;][vc_column][vc_row_inner column_inner_spacing=&#8221;65&#8243;][vc_column_inner width=&#8221;1\/2&#8243;][vc_column_text][\/vc_column_text][\/vc_column_inner][vc_column_inner width=&#8221;1\/2&#8243;][\/vc_column_inner][\/vc_row_inner][\/vc_column][\/vc_row]<\/p>\n","protected":false},"author":1,"featured_media":0,"parent":0,"menu_order":0,"comment_status":"closed","ping_status":"closed","template":"","meta":{"footnotes":""},"class_list":["post-1339","page","type-page","status-publish","hentry"],"_links":{"self":[{"href":"https:\/\/ozkatransport.com\/index.php\/wp-json\/wp\/v2\/pages\/1339","targetHints":{"allow":["GET"]}}],"collection":[{"href":"https:\/\/ozkatransport.com\/index.php\/wp-json\/wp\/v2\/pages"}],"about":[{"href":"https:\/\/ozkatransport.com\/index.php\/wp-json\/wp\/v2\/types\/page"}],"author":[{"embeddable":true,"href":"https:\/\/ozkatransport.com\/index.php\/wp-json\/wp\/v2\/users\/1"}],"replies":[{"embeddable":true,"href":"https:\/\/ozkatransport.com\/index.php\/wp-json\/wp\/v2\/comments?post=1339"}],"version-history":[{"count":8,"href":"https:\/\/ozkatransport.com\/index.php\/wp-json\/wp\/v2\/pages\/1339\/revisions"}],"predecessor-version":[{"id":9363,"href":"https:\/\/ozkatransport.com\/index.php\/wp-json\/wp\/v2\/pages\/1339\/revisions\/9363"}],"wp:attachment":[{"href":"https:\/\/ozkatransport.com\/index.php\/wp-json\/wp\/v2\/media?parent=1339"}],"curies":[{"name":"wp","href":"https:\/\/api.w.org\/{rel}","templated":true}]}}